{"id":301,"date":"2023-01-23T15:06:38","date_gmt":"2023-01-23T14:06:38","guid":{"rendered":"http:\/\/gaz-max.pl\/?page_id=301"},"modified":"2023-11-09T12:21:58","modified_gmt":"2023-11-09T11:21:58","slug":"home","status":"publish","type":"page","link":"https:\/\/gaz-max.pl\/","title":{"rendered":""},"content":{"rendered":"\t\t<div data-elementor-type=\"wp-page\" data-elementor-id=\"301\" class=\"elementor elementor-301\">\n\t\t\t\t\t\t\t\t\t<section class=\"elementor-section elementor-top-section elementor-element elementor-element-4702386 elementor-section-height-min-height elementor-section-stretched elementor-section-boxed elementor-section-height-default elementor-section-items-middle\" data-id=\"4702386\" data-element_type=\"section\" data-settings=\"{&quot;stretch_section&quot;:&quot;section-stretched&quot;,&quot;background_background&quot;:&quot;slideshow&quot;,&quot;background_slideshow_gallery&quot;:[{&quot;id&quot;:133,&quot;url&quot;:&quot;http:\\\/\\\/gaz-max.pl\\\/wp-content\\\/uploads\\\/2023\\\/01\\\/12821427_1065182830186714_5525208534711452435_n.jpg&quot;},{&quot;id&quot;:128,&quot;url&quot;:&quot;http:\\\/\\\/gaz-max.pl\\\/wp-content\\\/uploads\\\/2023\\\/01\\\/121214259_3495072160531090_5938668606305187153_n.jpg&quot;}],&quot;background_slideshow_slide_transition&quot;:&quot;slide_left&quot;,&quot;background_slideshow_loop&quot;:&quot;yes&quot;,&quot;background_slideshow_slide_duration&quot;:5000,&quot;background_slideshow_transition_duration&quot;:500}\">\n\t\t\t\t\t\t<div class=\"elementor-container elementor-column-gap-no\">\n\t\t\t\t\t<div class=\"elementor-column elementor-col-100 elementor-top-column elementor-element elementor-element-b086a9a\" data-id=\"b086a9a\" data-element_type=\"column\">\n\t\t\t<div class=\"elementor-widget-wrap\">\n\t\t\t\t\t\t\t\t\t<\/div>\n\t\t<\/div>\n\t\t\t\t\t\t\t<\/div>\n\t\t<\/section>\n\t\t\t\t<section class=\"elementor-section elementor-top-section elementor-element elementor-element-87dfe56 elementor-section-boxed elementor-section-height-default elementor-section-height-default\" data-id=\"87dfe56\" data-element_type=\"section\">\n\t\t\t\t\t\t<div class=\"elementor-container elementor-column-gap-default\">\n\t\t\t\t\t<div class=\"elementor-column elementor-col-100 elementor-top-column elementor-element elementor-element-854a68c\" data-id=\"854a68c\" data-element_type=\"column\">\n\t\t\t<div class=\"elementor-widget-wrap elementor-element-populated\">\n\t\t\t\t\t\t\t\t<div class=\"elementor-element elementor-element-7241ad5 gallery-spacing-custom animated-slow elementor-widget__width-initial elementor-invisible elementor-widget elementor-widget-image-gallery\" data-id=\"7241ad5\" data-element_type=\"widget\" data-settings=\"{&quot;_animation&quot;:&quot;fadeIn&quot;}\" data-widget_type=\"image-gallery.default\">\n\t\t\t\t<div class=\"elementor-widget-container\">\n\t\t\t<style>\/*! elementor - v3.17.0 - 08-11-2023 *\/\n.elementor-image-gallery .gallery-item{display:inline-block;text-align:center;vertical-align:top;width:100%;max-width:100%;margin:0 auto}.elementor-image-gallery .gallery-item img{margin:0 auto}.elementor-image-gallery .gallery-item .gallery-caption{margin:0}.elementor-image-gallery figure img{display:block}.elementor-image-gallery figure figcaption{width:100%}.gallery-spacing-custom .elementor-image-gallery .gallery-icon{padding:0}@media (min-width:768px){.elementor-image-gallery .gallery-columns-2 .gallery-item{max-width:50%}.elementor-image-gallery .gallery-columns-3 .gallery-item{max-width:33.33%}.elementor-image-gallery .gallery-columns-4 .gallery-item{max-width:25%}.elementor-image-gallery .gallery-columns-5 .gallery-item{max-width:20%}.elementor-image-gallery .gallery-columns-6 .gallery-item{max-width:16.666%}.elementor-image-gallery .gallery-columns-7 .gallery-item{max-width:14.28%}.elementor-image-gallery .gallery-columns-8 .gallery-item{max-width:12.5%}.elementor-image-gallery .gallery-columns-9 .gallery-item{max-width:11.11%}.elementor-image-gallery .gallery-columns-10 .gallery-item{max-width:10%}}@media (min-width:480px) and (max-width:767px){.elementor-image-gallery .gallery.gallery-columns-2 .gallery-item,.elementor-image-gallery .gallery.gallery-columns-3 .gallery-item,.elementor-image-gallery .gallery.gallery-columns-4 .gallery-item,.elementor-image-gallery .gallery.gallery-columns-5 .gallery-item,.elementor-image-gallery .gallery.gallery-columns-6 .gallery-item,.elementor-image-gallery .gallery.gallery-columns-7 .gallery-item,.elementor-image-gallery .gallery.gallery-columns-8 .gallery-item,.elementor-image-gallery .gallery.gallery-columns-9 .gallery-item,.elementor-image-gallery .gallery.gallery-columns-10 .gallery-item{max-width:50%}}@media (max-width:479px){.elementor-image-gallery .gallery.gallery-columns-2 .gallery-item,.elementor-image-gallery .gallery.gallery-columns-3 .gallery-item,.elementor-image-gallery .gallery.gallery-columns-4 .gallery-item,.elementor-image-gallery .gallery.gallery-columns-5 .gallery-item,.elementor-image-gallery .gallery.gallery-columns-6 .gallery-item,.elementor-image-gallery .gallery.gallery-columns-7 .gallery-item,.elementor-image-gallery .gallery.gallery-columns-8 .gallery-item,.elementor-image-gallery .gallery.gallery-columns-9 .gallery-item,.elementor-image-gallery .gallery.gallery-columns-10 .gallery-item{max-width:100%}}<\/style>\t\t<div class=\"elementor-image-gallery\">\n\t\t\t<div id='gallery-1' class='gallery galleryid-301 gallery-columns-4 gallery-size-full'><figure class='gallery-item'>\n\t\t\t<div class='gallery-icon landscape'>\n\t\t\t\t<img loading=\"lazy\" decoding=\"async\" width=\"900\" height=\"900\" src=\"https:\/\/gaz-max.pl\/wp-content\/uploads\/2023\/01\/logo_900x900v2.jpg\" class=\"attachment-full size-full\" alt=\"\" srcset=\"https:\/\/gaz-max.pl\/wp-content\/uploads\/2023\/01\/logo_900x900v2.jpg 900w, https:\/\/gaz-max.pl\/wp-content\/uploads\/2023\/01\/logo_900x900v2-300x300.jpg 300w, https:\/\/gaz-max.pl\/wp-content\/uploads\/2023\/01\/logo_900x900v2-150x150.jpg 150w, https:\/\/gaz-max.pl\/wp-content\/uploads\/2023\/01\/logo_900x900v2-768x768.jpg 768w, https:\/\/gaz-max.pl\/wp-content\/uploads\/2023\/01\/logo_900x900v2-600x600.jpg 600w\" sizes=\"auto, (max-width: 900px) 100vw, 900px\" \/>\n\t\t\t<\/div><\/figure><figure class='gallery-item'>\n\t\t\t<div class='gallery-icon landscape'>\n\t\t\t\t<img loading=\"lazy\" decoding=\"async\" width=\"900\" height=\"900\" src=\"https:\/\/gaz-max.pl\/wp-content\/uploads\/2023\/01\/psg-logo.png\" class=\"attachment-full size-full\" alt=\"\" srcset=\"https:\/\/gaz-max.pl\/wp-content\/uploads\/2023\/01\/psg-logo.png 900w, https:\/\/gaz-max.pl\/wp-content\/uploads\/2023\/01\/psg-logo-300x300.png 300w, https:\/\/gaz-max.pl\/wp-content\/uploads\/2023\/01\/psg-logo-150x150.png 150w, https:\/\/gaz-max.pl\/wp-content\/uploads\/2023\/01\/psg-logo-768x768.png 768w, https:\/\/gaz-max.pl\/wp-content\/uploads\/2023\/01\/psg-logo-600x600.png 600w\" sizes=\"auto, (max-width: 900px) 100vw, 900px\" \/>\n\t\t\t<\/div><\/figure><figure class='gallery-item'>\n\t\t\t<div class='gallery-icon landscape'>\n\t\t\t\t<img loading=\"lazy\" decoding=\"async\" width=\"900\" height=\"900\" src=\"https:\/\/gaz-max.pl\/wp-content\/uploads\/2023\/01\/rzetelna-firma-logo-1.png\" class=\"attachment-full size-full\" alt=\"\" srcset=\"https:\/\/gaz-max.pl\/wp-content\/uploads\/2023\/01\/rzetelna-firma-logo-1.png 900w, https:\/\/gaz-max.pl\/wp-content\/uploads\/2023\/01\/rzetelna-firma-logo-1-300x300.png 300w, https:\/\/gaz-max.pl\/wp-content\/uploads\/2023\/01\/rzetelna-firma-logo-1-150x150.png 150w, https:\/\/gaz-max.pl\/wp-content\/uploads\/2023\/01\/rzetelna-firma-logo-1-768x768.png 768w, https:\/\/gaz-max.pl\/wp-content\/uploads\/2023\/01\/rzetelna-firma-logo-1-600x600.png 600w\" sizes=\"auto, (max-width: 900px) 100vw, 900px\" \/>\n\t\t\t<\/div><\/figure><figure class='gallery-item'>\n\t\t\t<div class='gallery-icon landscape'>\n\t\t\t\t<img loading=\"lazy\" decoding=\"async\" width=\"900\" height=\"900\" src=\"https:\/\/gaz-max.pl\/wp-content\/uploads\/2023\/01\/KRD-mini.jpg\" class=\"attachment-full size-full\" alt=\"\" srcset=\"https:\/\/gaz-max.pl\/wp-content\/uploads\/2023\/01\/KRD-mini.jpg 900w, https:\/\/gaz-max.pl\/wp-content\/uploads\/2023\/01\/KRD-mini-300x300.jpg 300w, https:\/\/gaz-max.pl\/wp-content\/uploads\/2023\/01\/KRD-mini-150x150.jpg 150w, https:\/\/gaz-max.pl\/wp-content\/uploads\/2023\/01\/KRD-mini-768x768.jpg 768w, https:\/\/gaz-max.pl\/wp-content\/uploads\/2023\/01\/KRD-mini-600x600.jpg 600w\" sizes=\"auto, (max-width: 900px) 100vw, 900px\" \/>\n\t\t\t<\/div><\/figure>\n\t\t<\/div>\n\t\t<\/div>\n\t\t\t\t<\/div>\n\t\t\t\t<\/div>\n\t\t\t\t\t<\/div>\n\t\t<\/div>\n\t\t\t\t\t\t\t<\/div>\n\t\t<\/section>\n\t\t\t\t\t\t\t<\/div>\n\t\t","protected":false},"excerpt":{"rendered":"","protected":false},"author":1,"featured_media":0,"parent":0,"menu_order":0,"comment_status":"closed","ping_status":"closed","template":"","meta":{"footnotes":""},"class_list":["post-301","page","type-page","status-publish","hentry"],"yoast_head":"<!-- This site is optimized with the Yoast SEO plugin v20.13 - https:\/\/yoast.com\/wordpress\/plugins\/seo\/ -->\n<title>Firma Projektowo-Us\u0142ugowa: &quot;GAZ-MAX&quot;<\/title>\n<meta name=\"description\" content=\"Wykonujemy przy\u0142\u0105cza wodne, kanalizacyjne, odwodnienia, szamba, ekologiczne przydomowe oczyszczalnie \u015bciek\u00f3w, odwodnienia itp.\" \/>\n<meta name=\"robots\" content=\"index, follow, max-snippet:-1, max-image-preview:large, max-video-preview:-1\" \/>\n<link rel=\"canonical\" href=\"https:\/\/gaz-max.pl\/\" \/>\n<meta property=\"og:locale\" content=\"en_US\" \/>\n<meta property=\"og:type\" content=\"article\" \/>\n<meta property=\"og:title\" content=\"Firma Projektowo-Us\u0142ugowa: &quot;GAZ-MAX&quot;\" \/>\n<meta property=\"og:description\" content=\"Wykonujemy przy\u0142\u0105cza wodne, kanalizacyjne, odwodnienia, szamba, ekologiczne przydomowe oczyszczalnie \u015bciek\u00f3w, odwodnienia itp.\" \/>\n<meta property=\"og:url\" content=\"https:\/\/gaz-max.pl\/\" \/>\n<meta property=\"og:site_name\" content=\"Firma Projektowo-Us\u0142ugowa: &quot;GAZ-MAX&quot;\" \/>\n<meta property=\"article:modified_time\" content=\"2023-11-09T11:21:58+00:00\" \/>\n<meta property=\"og:image\" content=\"http:\/\/gaz-max.pl\/wp-content\/uploads\/2023\/01\/psg-logo.png\" \/>\n<meta name=\"twitter:card\" content=\"summary_large_image\" \/>\n<meta name=\"twitter:label1\" content=\"Est. reading time\" \/>\n\t<meta name=\"twitter:data1\" content=\"1 minute\" \/>\n<script type=\"application\/ld+json\" class=\"yoast-schema-graph\">{\"@context\":\"https:\/\/schema.org\",\"@graph\":[{\"@type\":\"WebPage\",\"@id\":\"https:\/\/gaz-max.pl\/\",\"url\":\"https:\/\/gaz-max.pl\/\",\"name\":\"Firma Projektowo-Us\u0142ugowa: &quot;GAZ-MAX&quot;\",\"isPartOf\":{\"@id\":\"https:\/\/gaz-max.pl\/#website\"},\"datePublished\":\"2023-01-23T14:06:38+00:00\",\"dateModified\":\"2023-11-09T11:21:58+00:00\",\"description\":\"Wykonujemy przy\u0142\u0105cza wodne, kanalizacyjne, odwodnienia, szamba, ekologiczne przydomowe oczyszczalnie \u015bciek\u00f3w, odwodnienia itp.\",\"inLanguage\":\"en-US\",\"potentialAction\":[{\"@type\":\"ReadAction\",\"target\":[\"https:\/\/gaz-max.pl\/\"]}]},{\"@type\":\"WebSite\",\"@id\":\"https:\/\/gaz-max.pl\/#website\",\"url\":\"https:\/\/gaz-max.pl\/\",\"name\":\"Firma Projektowo-Us\u0142ugowa: &quot;GAZ-MAX&quot;\",\"description\":\"\",\"publisher\":{\"@id\":\"https:\/\/gaz-max.pl\/#organization\"},\"potentialAction\":[{\"@type\":\"SearchAction\",\"target\":{\"@type\":\"EntryPoint\",\"urlTemplate\":\"https:\/\/gaz-max.pl\/?s={search_term_string}\"},\"query-input\":\"required name=search_term_string\"}],\"inLanguage\":\"en-US\"},{\"@type\":\"Organization\",\"@id\":\"https:\/\/gaz-max.pl\/#organization\",\"name\":\"Firma Projektowo-Us\u0142ugowa: &quot;GAZ-MAX&quot;\",\"url\":\"https:\/\/gaz-max.pl\/\",\"logo\":{\"@type\":\"ImageObject\",\"inLanguage\":\"en-US\",\"@id\":\"https:\/\/gaz-max.pl\/#\/schema\/logo\/image\/\",\"url\":\"https:\/\/gaz-max.pl\/wp-content\/uploads\/2023\/01\/logo-7.png\",\"contentUrl\":\"https:\/\/gaz-max.pl\/wp-content\/uploads\/2023\/01\/logo-7.png\",\"width\":2192,\"height\":673,\"caption\":\"Firma Projektowo-Us\u0142ugowa: &quot;GAZ-MAX&quot;\"},\"image\":{\"@id\":\"https:\/\/gaz-max.pl\/#\/schema\/logo\/image\/\"}}]}<\/script>\n<!-- \/ Yoast SEO plugin. -->","yoast_head_json":{"title":"Firma Projektowo-Us\u0142ugowa: &quot;GAZ-MAX&quot;","description":"Wykonujemy przy\u0142\u0105cza wodne, kanalizacyjne, odwodnienia, szamba, ekologiczne przydomowe oczyszczalnie \u015bciek\u00f3w, odwodnienia itp.","robots":{"index":"index","follow":"follow","max-snippet":"max-snippet:-1","max-image-preview":"max-image-preview:large","max-video-preview":"max-video-preview:-1"},"canonical":"https:\/\/gaz-max.pl\/","og_locale":"en_US","og_type":"article","og_title":"Firma Projektowo-Us\u0142ugowa: &quot;GAZ-MAX&quot;","og_description":"Wykonujemy przy\u0142\u0105cza wodne, kanalizacyjne, odwodnienia, szamba, ekologiczne przydomowe oczyszczalnie \u015bciek\u00f3w, odwodnienia itp.","og_url":"https:\/\/gaz-max.pl\/","og_site_name":"Firma Projektowo-Us\u0142ugowa: &quot;GAZ-MAX&quot;","article_modified_time":"2023-11-09T11:21:58+00:00","og_image":[{"url":"http:\/\/gaz-max.pl\/wp-content\/uploads\/2023\/01\/psg-logo.png"}],"twitter_card":"summary_large_image","twitter_misc":{"Est. reading time":"1 minute"},"schema":{"@context":"https:\/\/schema.org","@graph":[{"@type":"WebPage","@id":"https:\/\/gaz-max.pl\/","url":"https:\/\/gaz-max.pl\/","name":"Firma Projektowo-Us\u0142ugowa: &quot;GAZ-MAX&quot;","isPartOf":{"@id":"https:\/\/gaz-max.pl\/#website"},"datePublished":"2023-01-23T14:06:38+00:00","dateModified":"2023-11-09T11:21:58+00:00","description":"Wykonujemy przy\u0142\u0105cza wodne, kanalizacyjne, odwodnienia, szamba, ekologiczne przydomowe oczyszczalnie \u015bciek\u00f3w, odwodnienia itp.","inLanguage":"en-US","potentialAction":[{"@type":"ReadAction","target":["https:\/\/gaz-max.pl\/"]}]},{"@type":"WebSite","@id":"https:\/\/gaz-max.pl\/#website","url":"https:\/\/gaz-max.pl\/","name":"Firma Projektowo-Us\u0142ugowa: &quot;GAZ-MAX&quot;","description":"","publisher":{"@id":"https:\/\/gaz-max.pl\/#organization"},"potentialAction":[{"@type":"SearchAction","target":{"@type":"EntryPoint","urlTemplate":"https:\/\/gaz-max.pl\/?s={search_term_string}"},"query-input":"required name=search_term_string"}],"inLanguage":"en-US"},{"@type":"Organization","@id":"https:\/\/gaz-max.pl\/#organization","name":"Firma Projektowo-Us\u0142ugowa: &quot;GAZ-MAX&quot;","url":"https:\/\/gaz-max.pl\/","logo":{"@type":"ImageObject","inLanguage":"en-US","@id":"https:\/\/gaz-max.pl\/#\/schema\/logo\/image\/","url":"https:\/\/gaz-max.pl\/wp-content\/uploads\/2023\/01\/logo-7.png","contentUrl":"https:\/\/gaz-max.pl\/wp-content\/uploads\/2023\/01\/logo-7.png","width":2192,"height":673,"caption":"Firma Projektowo-Us\u0142ugowa: &quot;GAZ-MAX&quot;"},"image":{"@id":"https:\/\/gaz-max.pl\/#\/schema\/logo\/image\/"}}]}},"_links":{"self":[{"href":"https:\/\/gaz-max.pl\/index.php?rest_route=\/wp\/v2\/pages\/301","targetHints":{"allow":["GET"]}}],"collection":[{"href":"https:\/\/gaz-max.pl\/index.php?rest_route=\/wp\/v2\/pages"}],"about":[{"href":"https:\/\/gaz-max.pl\/index.php?rest_route=\/wp\/v2\/types\/page"}],"author":[{"embeddable":true,"href":"https:\/\/gaz-max.pl\/index.php?rest_route=\/wp\/v2\/users\/1"}],"replies":[{"embeddable":true,"href":"https:\/\/gaz-max.pl\/index.php?rest_route=%2Fwp%2Fv2%2Fcomments&post=301"}],"version-history":[{"count":40,"href":"https:\/\/gaz-max.pl\/index.php?rest_route=\/wp\/v2\/pages\/301\/revisions"}],"predecessor-version":[{"id":576,"href":"https:\/\/gaz-max.pl\/index.php?rest_route=\/wp\/v2\/pages\/301\/revisions\/576"}],"wp:attachment":[{"href":"https:\/\/gaz-max.pl\/index.php?rest_route=%2Fwp%2Fv2%2Fmedia&parent=301"}],"curies":[{"name":"wp","href":"https:\/\/api.w.org\/{rel}","templated":true}]}}